{"id":1136,"date":"2024-11-20T09:07:28","date_gmt":"2024-11-20T08:07:28","guid":{"rendered":"https:\/\/janvi-logistics.com\/?page_id=1136"},"modified":"2025-01-16T15:14:42","modified_gmt":"2025-01-16T14:14:42","slug":"sobre-janvi","status":"publish","type":"page","link":"https:\/\/janvi-logistics.com\/ca\/sobre-janvi","title":{"rendered":"Sobre Janvi"},"content":{"rendered":"<p>[et_pb_section fb_built=&#8221;1&#8243; fullwidth=&#8221;on&#8221; _builder_version=&#8221;4.27.2&#8243; _module_preset=&#8221;default&#8221; background_color=&#8221;#E4E8F4&#8243; locked=&#8221;off&#8221; global_colors_info=&#8221;{}&#8221;][et_pb_fullwidth_header title=&#8221;Coneix Janvi Logistics &#8221; header_image_url=&#8221;https:\/\/janvi-logistics.com\/wp-content\/uploads\/2024\/12\/logo-janvi-fosc.png&#8221; _builder_version=&#8221;4.27.4&#8243; _module_preset=&#8221;_initial&#8221; custom_padding=&#8221;||20vh||false|false&#8221; global_colors_info=&#8221;{}&#8221;]<\/p>\n<h2>Emmagatzematge Compartit i Log\u00edstica 4.0<\/h2>\n<p>Janvi va n\u00e9ixer com una soluci\u00f3 innovadora per fer front a les necessitats canviants d&#8217;emmagatzematge de les empreses. La nostra missi\u00f3 \u00e9s ajudar les empreses a rendibilitzar espais d&#8217;emmagatzematge inactius, optimitzant costos i contribuint a una log\u00edstica m\u00e9s eficient i sostenible. Tres raons fonamentals ens impulsen:<\/p>\n<p>[\/et_pb_fullwidth_header][\/et_pb_section][et_pb_section fb_built=&#8221;1&#8243; _builder_version=&#8221;4.27.2&#8243; _module_preset=&#8221;default&#8221; background_color=&#8221;RGBA(255,255,255,0)&#8221; custom_margin=&#8221;-20vh||||false|false&#8221; global_colors_info=&#8221;{}&#8221;][et_pb_row column_structure=&#8221;1_3,1_3,1_3&#8243; use_custom_gutter=&#8221;on&#8221; gutter_width=&#8221;2&#8243; module_class=&#8221;sobre-janvi-raons&#8221; _builder_version=&#8221;4.27.2&#8243; _module_preset=&#8221;default&#8221; global_colors_info=&#8221;{}&#8221;][et_pb_column type=&#8221;1_3&#8243; _builder_version=&#8221;4.27.2&#8243; _module_preset=&#8221;default&#8221; global_colors_info=&#8221;{}&#8221;][et_pb_blurb title=&#8221;Un mercat en constant evoluci\u00f3&#8221; _builder_version=&#8221;4.27.2&#8243; _module_preset=&#8221;917ae5b1-0289-488c-81a9-a5a50a5f8cdc&#8221; global_colors_info=&#8221;{}&#8221;]<\/p>\n<p>L&#8217;evoluci\u00f3 dels h\u00e0bits de consum i la producci\u00f3 \u00e0gil han generat nous reptes per a la log\u00edstica i l&#8217;emmagatzematge. La tend\u00e8ncia actual demanda petits lots personalitzats i din\u00e0mics, cosa que requereix magatzems flexibles i amb capacitat de resposta r\u00e0pida. Janvi ofereix aquesta flexibilitat i efici\u00e8ncia adaptant-se a les noves metodologies com el Lean Manufacturing i el crossdocking.<\/p>\n<p>[\/et_pb_blurb][\/et_pb_column][et_pb_column type=&#8221;1_3&#8243; _builder_version=&#8221;4.27.2&#8243; _module_preset=&#8221;default&#8221; global_colors_info=&#8221;{}&#8221;][et_pb_blurb title=&#8221;Noves oportunitats per a noves empreses&#8221; _builder_version=&#8221;4.27.2&#8243; _module_preset=&#8221;917ae5b1-0289-488c-81a9-a5a50a5f8cdc&#8221; global_colors_info=&#8221;{}&#8221;]<\/p>\n<p>L&#8217;augment de l&#8217;activitat empresarial i tecnol\u00f2gica en els \u00faltims anys ha creat una necessitat de canvi en la log\u00edstica tradicional. Janvi connecta empreses tecnol\u00f2giques amb un sector log\u00edstic renovat, amb un enfocament en col\u00b7laboraci\u00f3, sostenibilitat econ\u00f2mica i la maximitzaci\u00f3 de recursos.<\/p>\n<p>[\/et_pb_blurb][\/et_pb_column][et_pb_column type=&#8221;1_3&#8243; _builder_version=&#8221;4.27.2&#8243; _module_preset=&#8221;default&#8221; global_colors_info=&#8221;{}&#8221;][et_pb_blurb title=&#8221;Experi\u00e8ncia professional&#8221; _builder_version=&#8221;4.27.2&#8243; _module_preset=&#8221;917ae5b1-0289-488c-81a9-a5a50a5f8cdc&#8221; global_colors_info=&#8221;{}&#8221;]<\/p>\n<p>L\u2019equip fundador de Janvi prov\u00e9 del sector industrial, amb llarga traject\u00f2ria en log\u00edstica i producci\u00f3. Aquesta experi\u00e8ncia ens permet entendre les necessitats reals de les empreses i aportar solucions pr\u00e0ctiques per a problemes log\u00edstics. Aquesta experi\u00e8ncia acumulada ens dona la seguretat i confian\u00e7a en l&#8217;\u00e8xit del nostre model.<\/p>\n<p>[\/et_pb_blurb][\/et_pb_column][\/et_pb_row][\/et_pb_section][et_pb_section fb_built=&#8221;1&#8243; _builder_version=&#8221;4.27.2&#8243; _module_preset=&#8221;default&#8221; global_colors_info=&#8221;{}&#8221;][et_pb_row column_structure=&#8221;3_4,1_4&#8243; _builder_version=&#8221;4.27.2&#8243; _module_preset=&#8221;default&#8221; custom_padding=&#8221;||0px|||&#8221; global_colors_info=&#8221;{}&#8221;][et_pb_column type=&#8221;3_4&#8243; _builder_version=&#8221;4.27.2&#8243; _module_preset=&#8221;default&#8221; global_colors_info=&#8221;{}&#8221;][et_pb_cta title=&#8221;Missi\u00f3, visi\u00f3 i valors de Janvi Logistics: Emmagatzematge compartit i sostenible&#8221; _builder_version=&#8221;4.27.2&#8243; _module_preset=&#8221;default&#8221; global_colors_info=&#8221;{}&#8221;][\/et_pb_cta][\/et_pb_column][et_pb_column type=&#8221;1_4&#8243; _builder_version=&#8221;4.27.2&#8243; _module_preset=&#8221;default&#8221; global_colors_info=&#8221;{}&#8221;][\/et_pb_column][\/et_pb_row][et_pb_row column_structure=&#8221;1_4,1_4,1_2&#8243; use_custom_gutter=&#8221;on&#8221; gutter_width=&#8221;2&#8243; module_class=&#8221;sobre-janvi-missio&#8221; _builder_version=&#8221;4.27.2&#8243; _module_preset=&#8221;default&#8221; global_colors_info=&#8221;{}&#8221;][et_pb_column type=&#8221;1_4&#8243; _builder_version=&#8221;4.27.2&#8243; _module_preset=&#8221;default&#8221; global_colors_info=&#8221;{}&#8221;][et_pb_blurb title=&#8221;Missi\u00f3&#8221; _builder_version=&#8221;4.27.2&#8243; _module_preset=&#8221;c37ee8e3-f070-4a31-a2e3-16ee2a30c3a0&#8243; global_colors_info=&#8221;{}&#8221;]<\/p>\n<p>Racionalitzar, flexibilitzar i dinamitzar les capacitats d&#8217;emmagatzematge dins del marc de la Log\u00edstica 4.0.<\/p>\n<p>[\/et_pb_blurb][\/et_pb_column][et_pb_column type=&#8221;1_4&#8243; _builder_version=&#8221;4.27.2&#8243; _module_preset=&#8221;default&#8221; global_colors_info=&#8221;{}&#8221;][et_pb_blurb title=&#8221;Visi\u00f3&#8221; _builder_version=&#8221;4.27.2&#8243; _module_preset=&#8221;c37ee8e3-f070-4a31-a2e3-16ee2a30c3a0&#8243; global_colors_info=&#8221;{}&#8221;]<\/p>\n<p>Convertir-nos en el marketplace log\u00edstic de refer\u00e8ncia per a l&#8217;emmagatzematge compartit, amb un enfocament proper, \u00e0gil i enfocat al client.<\/p>\n<p>[\/et_pb_blurb][\/et_pb_column][et_pb_column type=&#8221;1_2&#8243; _builder_version=&#8221;4.27.2&#8243; _module_preset=&#8221;default&#8221; global_colors_info=&#8221;{}&#8221;][et_pb_blurb title=&#8221;Valors&#8221; _builder_version=&#8221;4.27.2&#8243; _module_preset=&#8221;c37ee8e3-f070-4a31-a2e3-16ee2a30c3a0&#8243; header_font_size=&#8221;20px&#8221; global_colors_info=&#8221;{}&#8221;]<\/p>\n<p><strong>Sostenibilitat mediambiental:<\/strong> Minimitzem la petjada de carboni evitant llargs despla\u00e7aments i construccions innecess\u00e0ries.<\/p>\n<p><strong>Sostenibilitat econ\u00f2mica:<\/strong> Permetem als col\u00b7laboradors treure profit econ\u00f2mic dels espais inactius i oferim solucions d\u2019emmagatzematge temporal adaptades a les necessitats de les empreses.<\/p>\n<p>[\/et_pb_blurb][\/et_pb_column][\/et_pb_row][\/et_pb_section][et_pb_section fb_built=&#8221;1&#8243; _builder_version=&#8221;4.27.2&#8243; _module_preset=&#8221;default&#8221; global_colors_info=&#8221;{}&#8221;][et_pb_row column_structure=&#8221;2_3,1_3&#8243; _builder_version=&#8221;4.27.2&#8243; _module_preset=&#8221;default&#8221; global_colors_info=&#8221;{}&#8221;][et_pb_column type=&#8221;2_3&#8243; _builder_version=&#8221;4.27.2&#8243; _module_preset=&#8221;default&#8221; global_colors_info=&#8221;{}&#8221;][et_pb_text _builder_version=&#8221;4.27.4&#8243; _module_preset=&#8221;default&#8221; header_2_font=&#8221;|||on|||||&#8221; header_2_line_height=&#8221;1.3em&#8221; hover_enabled=&#8221;0&#8243; global_colors_info=&#8221;{}&#8221; sticky_enabled=&#8221;0&#8243;]<\/p>\n<h2>Qu\u00e8 fem a Janvi i com ajudem a empreses amb solucions log\u00edstiques flexibles<\/h2>\n<p> [\/et_pb_text][\/et_pb_column][et_pb_column type=&#8221;1_3&#8243; _builder_version=&#8221;4.27.2&#8243; _module_preset=&#8221;default&#8221; global_colors_info=&#8221;{}&#8221;][\/et_pb_column][\/et_pb_row][et_pb_row column_structure=&#8221;1_2,1_2&#8243; _builder_version=&#8221;4.27.2&#8243; _module_preset=&#8221;default&#8221; global_colors_info=&#8221;{}&#8221;][et_pb_column type=&#8221;1_2&#8243; _builder_version=&#8221;4.27.2&#8243; _module_preset=&#8221;default&#8221; global_colors_info=&#8221;{}&#8221;][et_pb_text _builder_version=&#8221;4.27.2&#8243; _module_preset=&#8221;default&#8221; global_colors_info=&#8221;{}&#8221;]<\/p>\n<h3>Qu\u00e8 fem?<\/h3>\n<p>JANVI \u00e9s el marketplace per a necessitats log\u00edstiques, oferint suport \u00e0gil i flexible per gestionar l&#8217;emmagatzematge. Ens basem en tres pilars:<\/p>\n<p>[\/et_pb_text][et_pb_blurb title=&#8221;Especialitzaci\u00f3 en Log\u00edstica 4.0 i digitalitzaci\u00f3 de la cadena de subministrament.&#8221; use_icon=&#8221;on&#8221; font_icon=&#8221;&#x24;||divi||400&#8243; _builder_version=&#8221;4.27.2&#8243; _module_preset=&#8221;41be7bfe-f416-4b44-b2b6-5c903159b009&#8243; global_colors_info=&#8221;{}&#8221;][\/et_pb_blurb][et_pb_blurb title=&#8221;Crear un mercat log\u00edstic din\u00e0mic i eficient per a l&#8217;emmagatzematge.&#8221; use_icon=&#8221;on&#8221; font_icon=&#8221;&#x24;||divi||400&#8243; _builder_version=&#8221;4.27.2&#8243; _module_preset=&#8221;41be7bfe-f416-4b44-b2b6-5c903159b009&#8243; global_colors_info=&#8221;{}&#8221;][\/et_pb_blurb][et_pb_blurb title=&#8221;Desenvolupar una xarxa de magatzems col\u00b7laboradors per a una soluci\u00f3 d&#8217;emmagatzematge personalitzada.&#8221; use_icon=&#8221;on&#8221; font_icon=&#8221;&#x24;||divi||400&#8243; _builder_version=&#8221;4.27.2&#8243; _module_preset=&#8221;41be7bfe-f416-4b44-b2b6-5c903159b009&#8243; global_colors_info=&#8221;{}&#8221;][\/et_pb_blurb][\/et_pb_column][et_pb_column type=&#8221;1_2&#8243; _builder_version=&#8221;4.27.2&#8243; _module_preset=&#8221;default&#8221; global_colors_info=&#8221;{}&#8221;][et_pb_text _builder_version=&#8221;4.27.4&#8243; _module_preset=&#8221;default&#8221; hover_enabled=&#8221;0&#8243; global_colors_info=&#8221;{}&#8221; sticky_enabled=&#8221;0&#8243;]<\/p>\n<h3>Qu\u00e8 oferim?<\/h3>\n<p>[\/et_pb_text][et_pb_blurb title=&#8221;Optimitzaci\u00f3 de l&#8217;espai d&#8217;emmagatzematge.&#8221; use_icon=&#8221;on&#8221; font_icon=&#8221;&#x24;||divi||400&#8243; _builder_version=&#8221;4.27.2&#8243; _module_preset=&#8221;41be7bfe-f416-4b44-b2b6-5c903159b009&#8243; global_colors_info=&#8221;{}&#8221;][\/et_pb_blurb][et_pb_blurb title=&#8221;Solucions per a exc\u00e9s d&#8217;inventari i distribuci\u00f3 minorista.&#8221; use_icon=&#8221;on&#8221; font_icon=&#8221;&#x24;||divi||400&#8243; _builder_version=&#8221;4.27.2&#8243; _module_preset=&#8221;41be7bfe-f416-4b44-b2b6-5c903159b009&#8243; global_colors_info=&#8221;{}&#8221;][\/et_pb_blurb][et_pb_blurb title=&#8221;Suport per a eCommerce i consultoria log\u00edstica.&#8221; use_icon=&#8221;on&#8221; font_icon=&#8221;&#x24;||divi||400&#8243; _builder_version=&#8221;4.27.2&#8243; _module_preset=&#8221;41be7bfe-f416-4b44-b2b6-5c903159b009&#8243; global_colors_info=&#8221;{}&#8221;][\/et_pb_blurb][\/et_pb_column][\/et_pb_row][et_pb_row column_structure=&#8221;1_2,1_2&#8243; use_custom_gutter=&#8221;on&#8221; gutter_width=&#8221;2&#8243; _builder_version=&#8221;4.27.2&#8243; _module_preset=&#8221;default&#8221; custom_padding=&#8221;||0px|||&#8221; global_colors_info=&#8221;{}&#8221;][et_pb_column type=&#8221;1_2&#8243; _builder_version=&#8221;4.27.2&#8243; _module_preset=&#8221;default&#8221; global_colors_info=&#8221;{}&#8221;][et_pb_text _builder_version=&#8221;4.27.2&#8243; _module_preset=&#8221;default&#8221; global_colors_info=&#8221;{}&#8221;]<\/p>\n<h3>A qui ajudem?<\/h3>\n<p>[\/et_pb_text][et_pb_blurb title=&#8221;Prove\u00efdors d&#8217;espais&#8221; use_icon=&#8221;on&#8221; font_icon=&#8221;&#x4e;||divi||400&#8243; _builder_version=&#8221;4.27.2&#8243; _module_preset=&#8221;3e9299ac-3ddb-4b19-8a54-263eb5b69dea&#8221; global_colors_info=&#8221;{}&#8221;]<\/p>\n<p>Empreses amb capacitats d&#8217;emmagatzematge disponibles que desitgen treure profit econ\u00f2mic d&#8217;espais en des\u00fas.<\/p>\n<p>[\/et_pb_blurb][et_pb_blurb title=&#8221;Empreses amb necessitats log\u00edstiques temporals&#8221; use_icon=&#8221;on&#8221; font_icon=&#8221;&#x4e;||divi||400&#8243; _builder_version=&#8221;4.27.2&#8243; _module_preset=&#8221;3e9299ac-3ddb-4b19-8a54-263eb5b69dea&#8221; global_colors_info=&#8221;{}&#8221;]<\/p>\n<p>Companyies amb creixement inestable o estacional poden confiar en Janvi per a emmagatzematge temporal, evitant inversions en infraestructures innecess\u00e0ries.<\/p>\n<p>[\/et_pb_blurb][et_pb_blurb title=&#8221;Minoristes i eCommerce&#8221; use_icon=&#8221;on&#8221; font_icon=&#8221;&#x4e;||divi||400&#8243; _builder_version=&#8221;4.27.2&#8243; _module_preset=&#8221;3e9299ac-3ddb-4b19-8a54-263eb5b69dea&#8221; global_colors_info=&#8221;{}&#8221;]<\/p>\n<p>Els minoristes poden accedir a una xarxa d&#8217;espais de reaprovisionament propers als punts de venda, mentre que les plataformes d&#8217;eCommerce poden utilitzar els nostres magatzems per al drop shipping, facilitant aix\u00ed les operacions de distribuci\u00f3 i devoluci\u00f3.<\/p>\n<p>[\/et_pb_blurb][\/et_pb_column][et_pb_column type=&#8221;1_2&#8243; _builder_version=&#8221;4.27.2&#8243; _module_preset=&#8221;default&#8221; global_colors_info=&#8221;{}&#8221;][\/et_pb_column][\/et_pb_row][\/et_pb_section][et_pb_section fb_built=&#8221;1&#8243; _builder_version=&#8221;4.27.2&#8243; _module_preset=&#8221;default&#8221; background_color=&#8221;#0F1859&#8243; global_colors_info=&#8221;{}&#8221;][et_pb_row _builder_version=&#8221;4.27.2&#8243; _module_preset=&#8221;default&#8221; global_colors_info=&#8221;{}&#8221;][et_pb_column type=&#8221;4_4&#8243; _builder_version=&#8221;4.27.2&#8243; _module_preset=&#8221;default&#8221; global_colors_info=&#8221;{}&#8221;][et_pb_cta title=&#8221;Janvi no nom\u00e9s \u00e9s una plataforma&#8221; button_url=&#8221;@ET-DC@eyJkeW5hbWljIjp0cnVlLCJjb250ZW50IjoicG9zdF9saW5rX3VybF9wYWdlIiwic2V0dGluZ3MiOnsicG9zdF9pZCI6IjI2In19@&#8221; button_text=&#8221;Som economia col\u00b7laborativa&#8221; _builder_version=&#8221;4.27.4&#8243; _dynamic_attributes=&#8221;button_url&#8221; _module_preset=&#8221;a8ecffe4-09dd-423c-8783-4df3c5e75b09&#8243; background_color=&#8221;#0F1859&#8243; background_layout=&#8221;dark&#8221; global_colors_info=&#8221;{}&#8221;]<\/p>\n<p>Som un partner log\u00edstic en qui pots confiar per a l&#8217;emmagatzematge compartit i la gesti\u00f3 eficient de la teva cadena de subministrament.<\/p>\n<p>[\/et_pb_cta][\/et_pb_column][\/et_pb_row][\/et_pb_section]<\/p>\n","protected":false},"excerpt":{"rendered":"<p>Emmagatzematge Compartit i Log\u00edstica 4.0 Janvi va n\u00e9ixer com una soluci\u00f3 innovadora per fer front a les necessitats canviants d&#8217;emmagatzematge de les empreses. La nostra missi\u00f3 \u00e9s ajudar les empreses a rendibilitzar espais d&#8217;emmagatzematge inactius, optimitzant costos i contribuint a una log\u00edstica m\u00e9s eficient i sostenible. Tres raons fonamentals ens impulsen:L&#8217;evoluci\u00f3 dels h\u00e0bits de consum [&hellip;]<\/p>\n","protected":false},"author":1,"featured_media":0,"parent":0,"menu_order":0,"comment_status":"closed","ping_status":"closed","template":"","meta":{"_acf_changed":false,"_et_pb_use_builder":"on","_et_pb_old_content":"","_et_gb_content_width":"","footnotes":""},"class_list":["post-1136","page","type-page","status-publish","hentry"],"acf":[],"_links":{"self":[{"href":"https:\/\/janvi-logistics.com\/ca\/wp-json\/wp\/v2\/pages\/1136","targetHints":{"allow":["GET"]}}],"collection":[{"href":"https:\/\/janvi-logistics.com\/ca\/wp-json\/wp\/v2\/pages"}],"about":[{"href":"https:\/\/janvi-logistics.com\/ca\/wp-json\/wp\/v2\/types\/page"}],"author":[{"embeddable":true,"href":"https:\/\/janvi-logistics.com\/ca\/wp-json\/wp\/v2\/users\/1"}],"replies":[{"embeddable":true,"href":"https:\/\/janvi-logistics.com\/ca\/wp-json\/wp\/v2\/comments?post=1136"}],"version-history":[{"count":10,"href":"https:\/\/janvi-logistics.com\/ca\/wp-json\/wp\/v2\/pages\/1136\/revisions"}],"predecessor-version":[{"id":2111,"href":"https:\/\/janvi-logistics.com\/ca\/wp-json\/wp\/v2\/pages\/1136\/revisions\/2111"}],"wp:attachment":[{"href":"https:\/\/janvi-logistics.com\/ca\/wp-json\/wp\/v2\/media?parent=1136"}],"curies":[{"name":"wp","href":"https:\/\/api.w.org\/{rel}","templated":true}]}}