{"id":17,"date":"2024-10-28T15:22:32","date_gmt":"2024-10-28T14:22:32","guid":{"rendered":"https:\/\/janvi-logistics.com\/?page_id=17"},"modified":"2025-01-16T15:20:28","modified_gmt":"2025-01-16T14:20:28","slug":"serveis","status":"publish","type":"page","link":"https:\/\/janvi-logistics.com\/ca\/serveis","title":{"rendered":"Serveis"},"content":{"rendered":"<p>[et_pb_section fb_built=&#8221;1&#8243; fullwidth=&#8221;on&#8221; _builder_version=&#8221;4.27.2&#8243; _module_preset=&#8221;default&#8221; background_color=&#8221;#E4E8F4&#8243; locked=&#8221;off&#8221; global_colors_info=&#8221;{}&#8221;][et_pb_fullwidth_header title=&#8221;Serveis Log\u00edstics Integrals&#8221; _builder_version=&#8221;4.27.2&#8243; _module_preset=&#8221;_initial&#8221; global_colors_info=&#8221;{}&#8221;]<\/p>\n<h2>Emmagatzematge, transport i m\u00e9s<\/h2>\n<p>Janvi Logistics ofereix una gamma de serveis log\u00edstics integrals dissenyats per optimitzar les operacions de qualsevol empresa que necessiti emmagatzematge, transport o gesti\u00f3 de comandes.<\/p>\n<p>A trav\u00e9s d\u2019una xarxa flexible i personalitzada de solucions, ajudem tant els propietaris d\u2019espais com les empreses en creixement a rendibilitzar i millorar la seva cadena de subministrament.<\/p>\n<p>Tant si busques espais log\u00edstics com una gesti\u00f3 completa de la teva log\u00edstica, Janvi t\u00e9 la soluci\u00f3 ideal per a tu.<\/p>\n<p>[\/et_pb_fullwidth_header][\/et_pb_section][et_pb_section fb_built=&#8221;1&#8243; module_class=&#8221;menu-sticky&#8221; _builder_version=&#8221;4.27.2&#8243; _module_preset=&#8221;default&#8221; background_color=&#8221;#0F1859&#8243; custom_margin=&#8221;||||false|false&#8221; custom_padding=&#8221;0px||0px||false|false&#8221; sticky_position=&#8221;top&#8221; global_colors_info=&#8221;{}&#8221; background__sticky_enabled=&#8221;on|sticky&#8221; background_color__sticky=&#8221;#E4E8F4&#8243; background_enable_color__sticky=&#8221;on&#8221;][et_pb_row use_custom_gutter=&#8221;on&#8221; gutter_width=&#8221;1&#8243; _builder_version=&#8221;4.27.2&#8243; _module_preset=&#8221;default&#8221; custom_margin=&#8221;||||false|false&#8221; custom_padding=&#8221;5px||5px||false|false&#8221; custom_css_free_form=&#8221;selector .et_pb_column {||  display:flex;||  gap:15px;||}&#8221; global_colors_info=&#8221;{}&#8221;][et_pb_column type=&#8221;4_4&#8243; _builder_version=&#8221;4.27.2&#8243; _module_preset=&#8221;default&#8221; custom_css_main_element=&#8221;margin-right:-0.9em;||margin-left:-0.9em;&#8221; global_colors_info=&#8221;{}&#8221;][et_pb_button button_url=&#8221;\/serveis\/fulfillment&#8221; button_text=&#8221;Fulfillment&#8221; _builder_version=&#8221;4.27.2&#8243; _module_preset=&#8221;218eee22-5ac6-4e42-a14f-9fbab3d9f110&#8243; global_colors_info=&#8221;{}&#8221;][\/et_pb_button][et_pb_button button_url=&#8221;\/serveis\/diposit&#8221; button_text=&#8221;Dip\u00f2sit&#8221; _builder_version=&#8221;4.27.2&#8243; _module_preset=&#8221;218eee22-5ac6-4e42-a14f-9fbab3d9f110&#8243; global_colors_info=&#8221;{}&#8221;][\/et_pb_button][et_pb_button button_url=&#8221;\/serveis\/cross-docking&#8221; button_text=&#8221;Cross-Docking&#8221; _builder_version=&#8221;4.27.2&#8243; _module_preset=&#8221;218eee22-5ac6-4e42-a14f-9fbab3d9f110&#8243; global_colors_info=&#8221;{}&#8221;][\/et_pb_button][et_pb_button button_url=&#8221;@ET-DC@eyJkeW5hbWljIjp0cnVlLCJjb250ZW50IjoicG9zdF9saW5rX3VybF9wYWdlIiwic2V0dGluZ3MiOnsicG9zdF9pZCI6IjE5NzIifX0=@&#8221; button_text=&#8221;Picking&#8221; _builder_version=&#8221;4.27.4&#8243; _dynamic_attributes=&#8221;button_url&#8221; _module_preset=&#8221;218eee22-5ac6-4e42-a14f-9fbab3d9f110&#8243; global_colors_info=&#8221;{}&#8221;][\/et_pb_button][et_pb_button button_url=&#8221;\/serveis\/emmagatzematge-a-temperatura-controlada&#8221; button_text=&#8221;Temperatura controlada&#8221; _builder_version=&#8221;4.27.2&#8243; _module_preset=&#8221;218eee22-5ac6-4e42-a14f-9fbab3d9f110&#8243; global_colors_info=&#8221;{}&#8221;][\/et_pb_button][et_pb_button button_url=&#8221;@ET-DC@eyJkeW5hbWljIjp0cnVlLCJjb250ZW50IjoicG9zdF9saW5rX3VybF9wYWdlIiwic2V0dGluZ3MiOnsicG9zdF9pZCI6IjE5NzUifX0=@&#8221; button_text=&#8221;Transport&#8221; _builder_version=&#8221;4.27.4&#8243; _dynamic_attributes=&#8221;button_url&#8221; _module_preset=&#8221;218eee22-5ac6-4e42-a14f-9fbab3d9f110&#8243; global_colors_info=&#8221;{}&#8221;][\/et_pb_button][et_pb_button button_url=&#8221;@ET-DC@eyJkeW5hbWljIjp0cnVlLCJjb250ZW50IjoicG9zdF9saW5rX3VybF9wYWdlIiwic2V0dGluZ3MiOnsicG9zdF9pZCI6IjE5NjkifX0=@&#8221; button_text=&#8221;Janvi Spaces&#8221; _builder_version=&#8221;4.27.4&#8243; _dynamic_attributes=&#8221;button_url&#8221; _module_preset=&#8221;218eee22-5ac6-4e42-a14f-9fbab3d9f110&#8243; global_colors_info=&#8221;{}&#8221;][\/et_pb_button][\/et_pb_column][\/et_pb_row][\/et_pb_section][et_pb_section fb_built=&#8221;1&#8243; _builder_version=&#8221;4.27.2&#8243; _module_preset=&#8221;default&#8221; global_colors_info=&#8221;{}&#8221;][et_pb_row column_structure=&#8221;1_2,1_2&#8243; make_equal=&#8221;on&#8221; module_id=&#8221;fulfillment&#8221; _builder_version=&#8221;4.27.2&#8243; _module_preset=&#8221;default&#8221; global_colors_info=&#8221;{}&#8221;][et_pb_column type=&#8221;1_2&#8243; _builder_version=&#8221;4.27.2&#8243; _module_preset=&#8221;default&#8221; global_colors_info=&#8221;{}&#8221;][et_pb_cta title=&#8221;Fulfillment&#8221; button_url=&#8221;\/serveis\/fulfillment&#8221; button_text=&#8221;M\u00e9s info&#8221; _builder_version=&#8221;4.27.2&#8243; _module_preset=&#8221;_initial&#8221; global_colors_info=&#8221;{}&#8221;]<\/p>\n<p>Externalitza la log\u00edstica del teu eCommerce amb el nostre servei de fulfillment. Ens encarreguem de tot el proc\u00e9s, comen\u00e7ant per l\u2019emmagatzematge dels productes i acabant amb l\u2019entrega al client final, incloent-hi la gesti\u00f3 de devolucions. Amb el nostre servei de fulfillment, simplifiquem la teva cadena de subministrament, permetent-te centrar-te en el que realment importa: el creixement del teu negoci. El servei inclou la gesti\u00f3 d\u2019inventaris, la preparaci\u00f3 de comandes i un servei de lliurament eficient, garantint que els teus clients rebin els productes de forma r\u00e0pida i segura.<\/p>\n<p>[\/et_pb_cta][\/et_pb_column][et_pb_column type=&#8221;1_2&#8243; _builder_version=&#8221;4.27.2&#8243; _module_preset=&#8221;default&#8221; background_image=&#8221;https:\/\/janvi-logistics.com\/wp-content\/uploads\/2024\/11\/fullfilment.jpg&#8221; global_colors_info=&#8221;{}&#8221;][et_pb_divider show_divider=&#8221;off&#8221; _builder_version=&#8221;4.27.2&#8243; _module_preset=&#8221;31915e36-a13f-42d5-add3-a9b7617dc89b&#8221; global_colors_info=&#8221;{}&#8221;][\/et_pb_divider][\/et_pb_column][\/et_pb_row][et_pb_row column_structure=&#8221;1_2,1_2&#8243; make_equal=&#8221;on&#8221; module_id=&#8221;diposit&#8221; module_class=&#8221;reverse&#8221; _builder_version=&#8221;4.27.2&#8243; _module_preset=&#8221;default&#8221; global_colors_info=&#8221;{}&#8221;][et_pb_column type=&#8221;1_2&#8243; _builder_version=&#8221;4.27.2&#8243; _module_preset=&#8221;default&#8221; background_image=&#8221;https:\/\/janvi-logistics.com\/wp-content\/uploads\/2024\/11\/diposits.jpg&#8221; global_colors_info=&#8221;{}&#8221;][et_pb_divider show_divider=&#8221;off&#8221; _builder_version=&#8221;4.27.2&#8243; _module_preset=&#8221;31915e36-a13f-42d5-add3-a9b7617dc89b&#8221; global_colors_info=&#8221;{}&#8221;][\/et_pb_divider][\/et_pb_column][et_pb_column type=&#8221;1_2&#8243; _builder_version=&#8221;4.27.2&#8243; _module_preset=&#8221;default&#8221; global_colors_info=&#8221;{}&#8221;][et_pb_cta title=&#8221;Dip\u00f2sit&#8221; button_url=&#8221;\/serveis\/diposit&#8221; button_text=&#8221;M\u00e9s info&#8221; _builder_version=&#8221;4.27.2&#8243; _module_preset=&#8221;_initial&#8221; global_colors_info=&#8221;{}&#8221;]<\/p>\n<p>El nostre servei de dip\u00f2sit proporciona una soluci\u00f3 d\u2019emmagatzematge segura i adaptable a les necessitats de qualsevol empresa. Gestionem la recepci\u00f3, cust\u00f2dia i preparaci\u00f3 de les mercaderies, assegurant la seva integritat en tot moment. A m\u00e9s, ens ocupem de la log\u00edstica de sortida i entrega de productes, que et permet estalviar en costos operatius i recursos, alhora que optimitzem els processos log\u00edstics. Aquest servei \u00e9s ideal per a empreses que necessiten un emmagatzematge temporal o de llarg termini, garantint una gesti\u00f3 eficient del flux de mercaderies.<\/p>\n<p>[\/et_pb_cta][\/et_pb_column][\/et_pb_row][et_pb_row column_structure=&#8221;1_2,1_2&#8243; make_equal=&#8221;on&#8221; module_id=&#8221;cross-docking&#8221; _builder_version=&#8221;4.27.2&#8243; _module_preset=&#8221;default&#8221; global_colors_info=&#8221;{}&#8221;][et_pb_column type=&#8221;1_2&#8243; _builder_version=&#8221;4.27.2&#8243; _module_preset=&#8221;default&#8221; global_colors_info=&#8221;{}&#8221;][et_pb_cta title=&#8221;Cross-docking&#8221; button_url=&#8221;\/serveis\/cross-docking&#8221; button_text=&#8221;M\u00e9s info&#8221; _builder_version=&#8221;4.27.2&#8243; _module_preset=&#8221;_initial&#8221; global_colors_info=&#8221;{}&#8221;]<\/p>\n<p>Amb el nostre servei de cross-docking, simplifiquem la teva cadena de subministrament reduint els temps d&#8217;emmagatzematge i agilitzant els processos de distribuci\u00f3. El cross-docking permet que les mercaderies passin directament dels vehicles de recepci\u00f3 als de transport final, sense necessitat d\u2019emmagatzematge intermedi. Aquest sistema \u00e9s ideal per a empreses que necessiten una distribuci\u00f3 r\u00e0pida i cont\u00ednua, ja que optimitza els temps de lliurament i redueix els costos log\u00edstics. El nostre servei inclou la classificaci\u00f3 immediata de productes per destinaci\u00f3, maximitzant l\u2019efici\u00e8ncia en cada operaci\u00f3.<\/p>\n<p>[\/et_pb_cta][\/et_pb_column][et_pb_column type=&#8221;1_2&#8243; _builder_version=&#8221;4.27.2&#8243; _module_preset=&#8221;default&#8221; background_image=&#8221;https:\/\/janvi-logistics.com\/wp-content\/uploads\/2024\/11\/crossdocking.jpg&#8221; global_colors_info=&#8221;{}&#8221;][et_pb_divider show_divider=&#8221;off&#8221; _builder_version=&#8221;4.27.2&#8243; _module_preset=&#8221;31915e36-a13f-42d5-add3-a9b7617dc89b&#8221; global_colors_info=&#8221;{}&#8221;][\/et_pb_divider][\/et_pb_column][\/et_pb_row][et_pb_row column_structure=&#8221;1_2,1_2&#8243; make_equal=&#8221;on&#8221; module_id=&#8221;picking&#8221; module_class=&#8221;reverse&#8221; _builder_version=&#8221;4.27.2&#8243; _module_preset=&#8221;default&#8221; global_colors_info=&#8221;{}&#8221;][et_pb_column type=&#8221;1_2&#8243; _builder_version=&#8221;4.27.2&#8243; _module_preset=&#8221;default&#8221; background_image=&#8221;https:\/\/janvi-logistics.com\/wp-content\/uploads\/2024\/11\/picking.jpg&#8221; global_colors_info=&#8221;{}&#8221;][et_pb_divider show_divider=&#8221;off&#8221; _builder_version=&#8221;4.27.2&#8243; _module_preset=&#8221;31915e36-a13f-42d5-add3-a9b7617dc89b&#8221; global_colors_info=&#8221;{}&#8221;][\/et_pb_divider][\/et_pb_column][et_pb_column type=&#8221;1_2&#8243; _builder_version=&#8221;4.27.2&#8243; _module_preset=&#8221;default&#8221; global_colors_info=&#8221;{}&#8221;][et_pb_cta title=&#8221;Picking&#8221; button_url=&#8221;@ET-DC@eyJkeW5hbWljIjp0cnVlLCJjb250ZW50IjoicG9zdF9saW5rX3VybF9wYWdlIiwic2V0dGluZ3MiOnsicG9zdF9pZCI6IjE5NzIifX0=@&#8221; button_text=&#8221;M\u00e9s info&#8221; _builder_version=&#8221;4.27.4&#8243; _dynamic_attributes=&#8221;button_url&#8221; _module_preset=&#8221;_initial&#8221; global_colors_info=&#8221;{}&#8221;]<\/p>\n<p>El nostre servei de picking est\u00e0 dissenyat per a empreses que necessiten una preparaci\u00f3 de comandes precisa i \u00e0gil. Ens ocupem de la selecci\u00f3 dels productes, la seva recollida en quantitats exactes i la preparaci\u00f3 per a l&#8217;enviament. A m\u00e9s, integrem la gesti\u00f3 de l&#8217;inventari amb tecnologia en temps real per garantir que sempre disposis de visibilitat sobre les exist\u00e8ncies. Aquest sistema no nom\u00e9s redueix errors i temps d\u2019espera, sin\u00f3 que tamb\u00e9 optimitza els costos operatius, contribuint a una cadena de subministrament m\u00e9s eficient.<\/p>\n<p>[\/et_pb_cta][\/et_pb_column][\/et_pb_row][et_pb_row column_structure=&#8221;1_2,1_2&#8243; make_equal=&#8221;on&#8221; module_id=&#8221;emmagatzemantge&#8221; _builder_version=&#8221;4.27.2&#8243; _module_preset=&#8221;default&#8221; global_colors_info=&#8221;{}&#8221;][et_pb_column type=&#8221;1_2&#8243; _builder_version=&#8221;4.27.2&#8243; _module_preset=&#8221;default&#8221; global_colors_info=&#8221;{}&#8221;][et_pb_cta title=&#8221;Emmagatzematge a Temperatura Controlada&#8221; button_url=&#8221;\/serveis\/emmagatzematge-a-temperatura-controlada&#8221; button_text=&#8221;M\u00e9s info&#8221; _builder_version=&#8221;4.27.2&#8243; _module_preset=&#8221;_initial&#8221; global_colors_info=&#8221;{}&#8221;]<\/p>\n<p>Per als productes que requereixen condicions espec\u00edfiques, com aliments frescos, productes l\u00e0ctics, farmac\u00e8utics o qu\u00edmics sensibles, oferim un servei d\u2019emmagatzematge a temperatura controlada. Disposem d\u2019espais refrigerats i congelats, seguint les normatives de seguretat i qualitat aliment\u00e0ria, per garantir que els teus productes es mantenen en \u00f2ptimes condicions fins a la seva entrega. La nostra tecnologia avan\u00e7ada en control de temperatura i humitat assegura la preservaci\u00f3 dels productes i ofereix tranquil\u00b7litat a empreses que necessiten un emmagatzematge especialitzat.<\/p>\n<p>[\/et_pb_cta][\/et_pb_column][et_pb_column type=&#8221;1_2&#8243; _builder_version=&#8221;4.27.2&#8243; _module_preset=&#8221;default&#8221; background_image=&#8221;https:\/\/janvi-logistics.com\/wp-content\/uploads\/2024\/11\/temperatura-controlada.jpg&#8221; global_colors_info=&#8221;{}&#8221;][et_pb_divider show_divider=&#8221;off&#8221; _builder_version=&#8221;4.27.2&#8243; _module_preset=&#8221;31915e36-a13f-42d5-add3-a9b7617dc89b&#8221; global_colors_info=&#8221;{}&#8221;][\/et_pb_divider][\/et_pb_column][\/et_pb_row][et_pb_row column_structure=&#8221;1_2,1_2&#8243; make_equal=&#8221;on&#8221; module_id=&#8221;transport&#8221; module_class=&#8221;reverse&#8221; _builder_version=&#8221;4.27.2&#8243; _module_preset=&#8221;default&#8221; global_colors_info=&#8221;{}&#8221;][et_pb_column type=&#8221;1_2&#8243; _builder_version=&#8221;4.27.2&#8243; _module_preset=&#8221;default&#8221; background_image=&#8221;https:\/\/janvi-logistics.com\/wp-content\/uploads\/2024\/11\/transport.jpg&#8221; global_colors_info=&#8221;{}&#8221;][et_pb_divider show_divider=&#8221;off&#8221; _builder_version=&#8221;4.27.2&#8243; _module_preset=&#8221;31915e36-a13f-42d5-add3-a9b7617dc89b&#8221; global_colors_info=&#8221;{}&#8221;][\/et_pb_divider][\/et_pb_column][et_pb_column type=&#8221;1_2&#8243; _builder_version=&#8221;4.27.2&#8243; _module_preset=&#8221;default&#8221; global_colors_info=&#8221;{}&#8221;][et_pb_cta title=&#8221;Transport&#8221; button_url=&#8221;@ET-DC@eyJkeW5hbWljIjp0cnVlLCJjb250ZW50IjoicG9zdF9saW5rX3VybF9wYWdlIiwic2V0dGluZ3MiOnsicG9zdF9pZCI6IjE5NzUifX0=@&#8221; button_text=&#8221;M\u00e9s info&#8221; _builder_version=&#8221;4.27.4&#8243; _dynamic_attributes=&#8221;button_url&#8221; _module_preset=&#8221;_initial&#8221; global_colors_info=&#8221;{}&#8221;]<\/p>\n<p>El nostre servei de transport ofereix solucions a mida per a la distribuci\u00f3 de mercaderies, garantint que els productes arribin de manera puntual i segura. Disposem d\u2019una flota de vehicles adaptada a les diferents necessitats dels nostres clients, cobrint des de transport terrestre fins a solucions de repartiment local i internacional. Connectem fabricants, prove\u00efdors i consumidors a trav\u00e9s d&#8217;una xarxa de transport eficient, que cobreix tant camions com trens i vehicles de distribuci\u00f3. Amb Janvi, cada lliurament \u00e9s una garantia d\u2019efici\u00e8ncia i seguretat.<\/p>\n<p>[\/et_pb_cta][\/et_pb_column][\/et_pb_row][et_pb_row column_structure=&#8221;1_2,1_2&#8243; make_equal=&#8221;on&#8221; module_id=&#8221;janvi-spaces&#8221; _builder_version=&#8221;4.27.2&#8243; _module_preset=&#8221;default&#8221; global_colors_info=&#8221;{}&#8221;][et_pb_column type=&#8221;1_2&#8243; _builder_version=&#8221;4.27.2&#8243; _module_preset=&#8221;default&#8221; global_colors_info=&#8221;{}&#8221;][et_pb_cta title=&#8221;Janvi Spaces&#8221; button_url=&#8221;@ET-DC@eyJkeW5hbWljIjp0cnVlLCJjb250ZW50IjoicG9zdF9saW5rX3VybF9wYWdlIiwic2V0dGluZ3MiOnsicG9zdF9pZCI6IjEwODcifX0=@&#8221; button_text=&#8221;M\u00e9s info&#8221; _builder_version=&#8221;4.27.4&#8243; _dynamic_attributes=&#8221;button_url&#8221; _module_preset=&#8221;_initial&#8221; hover_enabled=&#8221;0&#8243; global_colors_info=&#8221;{}&#8221; sticky_enabled=&#8221;0&#8243;]<\/p>\n<p>Janvi Spaces \u00e9s la nostra soluci\u00f3 innovadora per a empreses que necessiten espais log\u00edstics modulars i flexibles. Dissenyats per a PIMES i e-commerce, oferim espais compartits de 25, 50, 100 i 200 m\u00b2 que s\u2019adapten a les teves necessitats espec\u00edfiques. Janvi Spaces inclou serveis log\u00edstics integrats com picking, packing i enviaments, optimitzant les operacions i reduint costos. Aquests espais modulars et permeten expandir o reduir la capacitat d&#8217;emmagatzematge segons la demanda, sense compromisos a llarg termini. \u00c9s la soluci\u00f3 perfecta per a negocis en creixement que necessiten un emmagatzematge flexible i eficient.<\/p>\n<p>[\/et_pb_cta][\/et_pb_column][et_pb_column type=&#8221;1_2&#8243; _builder_version=&#8221;4.27.2&#8243; _module_preset=&#8221;default&#8221; background_image=&#8221;https:\/\/janvi-logistics.com\/wp-content\/uploads\/2024\/11\/janvi-log.jpg&#8221; global_colors_info=&#8221;{}&#8221;][et_pb_divider show_divider=&#8221;off&#8221; _builder_version=&#8221;4.27.2&#8243; _module_preset=&#8221;31915e36-a13f-42d5-add3-a9b7617dc89b&#8221; global_colors_info=&#8221;{}&#8221;][\/et_pb_divider][\/et_pb_column][\/et_pb_row][\/et_pb_section][et_pb_section fb_built=&#8221;1&#8243; _builder_version=&#8221;4.27.2&#8243; _module_preset=&#8221;default&#8221; background_color=&#8221;#0F1859&#8243; global_colors_info=&#8221;{}&#8221;][et_pb_row custom_padding_last_edited=&#8221;on|phone&#8221; _builder_version=&#8221;4.27.2&#8243; _module_preset=&#8221;default&#8221; custom_padding=&#8221;||||false|false&#8221; custom_padding_tablet=&#8221;||||false|false&#8221; custom_padding_phone=&#8221;0px||0px||true|false&#8221; global_colors_info=&#8221;{}&#8221;][et_pb_column type=&#8221;4_4&#8243; _builder_version=&#8221;4.27.2&#8243; _module_preset=&#8221;default&#8221; global_colors_info=&#8221;{}&#8221;][et_pb_cta title=&#8221;Necessites un Espai Log\u00edstic Flexible?&#8221; button_url=&#8221;\/busca-el-teu-magatzem\/&#8221; button_text=&#8221;Buscar Espais Disponibles&#8221; _builder_version=&#8221;4.27.2&#8243; _module_preset=&#8221;a8ecffe4-09dd-423c-8783-4df3c5e75b09&#8243; background_color=&#8221;#0F1859&#8243; background_layout=&#8221;dark&#8221; global_colors_info=&#8221;{}&#8221;]<\/p>\n<p>Explora la nostra xarxa d\u2019espais disponibles i troba l\u2019opci\u00f3 perfecta per a les teves necessitats d\u2019emmagatzematge. A Janvi Logistics, t\u2019oferim espais modulars i compartits que s\u2019adapten al creixement i a la demanda del teu negoci, amb serveis integrats que optimitzen la teva log\u00edstica.<\/p>\n<p>[\/et_pb_cta][\/et_pb_column][\/et_pb_row][\/et_pb_section]<\/p>\n","protected":false},"excerpt":{"rendered":"<p>Emmagatzematge, transport i m\u00e9s Janvi Logistics ofereix una gamma de serveis log\u00edstics integrals dissenyats per optimitzar les operacions de qualsevol empresa que necessiti emmagatzematge, transport o gesti\u00f3 de comandes. A trav\u00e9s d\u2019una xarxa flexible i personalitzada de solucions, ajudem tant els propietaris d\u2019espais com les empreses en creixement a rendibilitzar i millorar la seva cadena [&hellip;]<\/p>\n","protected":false},"author":1,"featured_media":0,"parent":0,"menu_order":0,"comment_status":"closed","ping_status":"closed","template":"","meta":{"_acf_changed":false,"_et_pb_use_builder":"on","_et_pb_old_content":"","_et_gb_content_width":"","footnotes":""},"class_list":["post-17","page","type-page","status-publish","hentry"],"acf":[],"_links":{"self":[{"href":"https:\/\/janvi-logistics.com\/ca\/wp-json\/wp\/v2\/pages\/17","targetHints":{"allow":["GET"]}}],"collection":[{"href":"https:\/\/janvi-logistics.com\/ca\/wp-json\/wp\/v2\/pages"}],"about":[{"href":"https:\/\/janvi-logistics.com\/ca\/wp-json\/wp\/v2\/types\/page"}],"author":[{"embeddable":true,"href":"https:\/\/janvi-logistics.com\/ca\/wp-json\/wp\/v2\/users\/1"}],"replies":[{"embeddable":true,"href":"https:\/\/janvi-logistics.com\/ca\/wp-json\/wp\/v2\/comments?post=17"}],"version-history":[{"count":10,"href":"https:\/\/janvi-logistics.com\/ca\/wp-json\/wp\/v2\/pages\/17\/revisions"}],"predecessor-version":[{"id":2116,"href":"https:\/\/janvi-logistics.com\/ca\/wp-json\/wp\/v2\/pages\/17\/revisions\/2116"}],"wp:attachment":[{"href":"https:\/\/janvi-logistics.com\/ca\/wp-json\/wp\/v2\/media?parent=17"}],"curies":[{"name":"wp","href":"https:\/\/api.w.org\/{rel}","templated":true}]}}