{"id":175,"date":"2024-10-31T09:28:25","date_gmt":"2024-10-31T08:28:25","guid":{"rendered":"https:\/\/janvi-logistics.com\/?page_id=175"},"modified":"2024-10-31T11:09:26","modified_gmt":"2024-10-31T10:09:26","slug":"avis-legal","status":"publish","type":"page","link":"https:\/\/janvi-logistics.com\/ca\/avis-legal","title":{"rendered":"Av\u00eds legal"},"content":{"rendered":"\n<p>De conformitat amb la Llei 34\/2002, de Serveis de la Societat de la Informaci\u00f3 i de Comer\u00e7 Electr\u00f2nic, l&#8217;informem que aquest web \u00e9s titularitat de:<\/p>\n\n\n\n<p>Identitat: Janvi Espais, SLU (en endavant \u201cEL TITULAR\u201d)<\/p>\n\n\n\n<p>CIF: B56451511<\/p>\n\n\n\n<p>Domicili: c. Miguel de Cervantes, 41 de Sant Pere de Ribes (08810)<\/p>\n\n\n\n<h2 class=\"wp-block-heading\">PROPIETAT INTEL\u00b7LECTUAL I INDUSTRIAL<\/h2>\n\n\n\n<p>Els continguts d&#8217;aquest lloc, incloent-hi els textos, imatges i dissenys gr\u00e0fics, pertanyen a EL TITULAR, o a tercers que han autoritzat el seu \u00fas. EL TITULAR presenta aquests continguts amb finalitats d&#8217;informaci\u00f3 i promoci\u00f3. EL TITULAR autoritza la seva utilitzaci\u00f3 exclusivament amb aquestes finalitats. Qualsevol utilitzaci\u00f3 d&#8217;aquests dissenys, imatges o textos haur\u00e0 de citar expressament la seva pertinen\u00e7a a EL TITULAR, qui es reserva el dret a iniciar les accions legals oportunes per reparar els danys i perjudicis causats per qualsevol acte que vulneri els seus drets de propietat intel\u00b7lectual o industrial.<\/p>\n\n\n\n<h2 class=\"wp-block-heading\">EXCLUSI\u00d3 DE RESPONSABILITAT<\/h2>\n\n\n\n<p>EL TITULAR actua amb la m\u00e0xima dilig\u00e8ncia possible perqu\u00e8 les dades i la informaci\u00f3 que ofereix al seu lloc web estigui actualitzada en tot moment, si b\u00e9 no garanteix ni es fa responsable de l&#8217;exactitud i actualitzaci\u00f3 dels continguts del lloc web, reservant-se el dret a modificar aquests continguts en qualsevol moment. EL TITULAR tampoc ser\u00e0 responsable de la informaci\u00f3 que es pot obtenir a trav\u00e9s d&#8217;enlla\u00e7os inclosos en el lloc web.<\/p>\n\n\n\n<p>Les relacions comercials amb els clients es regiran per les condicions generals que, si escau, s&#8217;estableixin per EL TITULAR en un document espec\u00edfic a aquest efecte, o pels pactes concrets que es puguin acordar amb els clients.<\/p>\n\n\n\n<h2 class=\"wp-block-heading\">CONDICIONS D&#8217;\u00daS<\/h2>\n\n\n\n<p>L&#8217;\u00fas d&#8217;aquest lloc web implica l&#8217;acceptaci\u00f3 plena dels termes del present av\u00eds legal. Els possibles conflictes relatius a aquest web es regiran exclusivament pel dret de l&#8217;Estat Espanyol. Tota persona usu\u00e0ria del web, independentment de la jurisdicci\u00f3 territorial des de la qual es produeixi el seu acc\u00e9s, accepta el compliment i respecte d&#8217;aquestes cl\u00e0usules amb ren\u00fancia expressa, sens perjudici dels drets que legalment corresponguin a l&#8217;usuari en cas que aquest tingui la condici\u00f3 de consumidor.<\/p>\n","protected":false},"excerpt":{"rendered":"<p>De conformitat amb la Llei 34\/2002, de Serveis de la Societat de la Informaci\u00f3 i de Comer\u00e7 Electr\u00f2nic, l&#8217;informem que aquest web \u00e9s titularitat de: Identitat: Janvi Espais, SLU (en endavant \u201cEL TITULAR\u201d) CIF: B56451511 Domicili: c. Miguel de Cervantes, 41 de Sant Pere de Ribes (08810) PROPIETAT INTEL\u00b7LECTUAL I INDUSTRIAL Els continguts d&#8217;aquest lloc, [&hellip;]<\/p>\n","protected":false},"author":1,"featured_media":0,"parent":0,"menu_order":0,"comment_status":"closed","ping_status":"closed","template":"","meta":{"_acf_changed":false,"_et_pb_use_builder":"off","_et_pb_old_content":"","_et_gb_content_width":"","footnotes":""},"class_list":["post-175","page","type-page","status-publish","hentry"],"acf":[],"_links":{"self":[{"href":"https:\/\/janvi-logistics.com\/ca\/wp-json\/wp\/v2\/pages\/175","targetHints":{"allow":["GET"]}}],"collection":[{"href":"https:\/\/janvi-logistics.com\/ca\/wp-json\/wp\/v2\/pages"}],"about":[{"href":"https:\/\/janvi-logistics.com\/ca\/wp-json\/wp\/v2\/types\/page"}],"author":[{"embeddable":true,"href":"https:\/\/janvi-logistics.com\/ca\/wp-json\/wp\/v2\/users\/1"}],"replies":[{"embeddable":true,"href":"https:\/\/janvi-logistics.com\/ca\/wp-json\/wp\/v2\/comments?post=175"}],"version-history":[{"count":4,"href":"https:\/\/janvi-logistics.com\/ca\/wp-json\/wp\/v2\/pages\/175\/revisions"}],"predecessor-version":[{"id":213,"href":"https:\/\/janvi-logistics.com\/ca\/wp-json\/wp\/v2\/pages\/175\/revisions\/213"}],"wp:attachment":[{"href":"https:\/\/janvi-logistics.com\/ca\/wp-json\/wp\/v2\/media?parent=175"}],"curies":[{"name":"wp","href":"https:\/\/api.w.org\/{rel}","templated":true}]}}