{"id":177,"date":"2024-10-31T09:29:05","date_gmt":"2024-10-31T08:29:05","guid":{"rendered":"https:\/\/janvi-logistics.com\/?page_id=177"},"modified":"2025-03-13T16:56:04","modified_gmt":"2025-03-13T15:56:04","slug":"politica-cookies","status":"publish","type":"page","link":"https:\/\/janvi-logistics.com\/ca\/politica-cookies","title":{"rendered":"Pol\u00edtica de cookies"},"content":{"rendered":"\n<p>Aquest lloc web utilitza cookies pr\u00f2pies i de tercers per oferir-li una millor experi\u00e8ncia i servei. En navegar o utilitzar els nostres serveis l\u2019usuari accepta l\u2019\u00fas que fem de les cookies. No obstant aix\u00f2, l\u2019usuari t\u00e9 l\u2019opci\u00f3 d\u2019impedir la generaci\u00f3 de cookies i l\u2019eliminaci\u00f3 d&#8217;aquestes.<\/p>\n\n\n\n<p>El vostre consentiment s&#8217;aplica als dominis seg\u00fcents: <a href=\"https:\/\/janvi-logistics.com\/\" data-type=\"link\" data-id=\"https:\/\/janvi-logistics.com\/\">janvi-logistics.com<\/a> [user_consent_state]<\/p>\n\n\n\n<h2 class=\"wp-block-heading\">Qu\u00e8 \u00e9s una cookie?<\/h2>\n\n\n\n<p>Una cookie \u00e9s un petit fragment de text que els llocs Web envien al navegador i que s\u2019emmagatzemen al terminal de l\u2019usuari, el qual pot ser un ordinador personal, un tel\u00e8fon m\u00f2bil, tauleta, etc. Aquests arxius permeten que el lloc Web recordi informaci\u00f3 sobre la seva visita, com l\u2019idioma i les opcions preferides, cosa que pot facilitar la seva pr\u00f2xima visita i fer que el lloc resulti m\u00e9s \u00fatil en personalitzar el seu contingut. Les cookies exerceixen un paper molt important, en millorar l\u2019experi\u00e8ncia d\u2019\u00fas de la Web.<\/p>\n\n\n\n<h2 class=\"wp-block-heading\">Tipus de cookies<\/h2>\n\n\n\n<p>Segons l\u2019entitat que les gestioni, les cookies poden ser:<\/p>\n\n\n\n<ul class=\"wp-block-list\">\n<li><strong>Cookies pr\u00f2pies: <\/strong>S\u00f3n aquelles que s\u2019envien a l\u2019equip terminal de l\u2019interessat des d\u2019un equip o domini gestionat pel mateix editor i des del qual es presta el servei demanat per l\u2019usuari.<\/li>\n\n\n\n<li><strong>Cookies de tercers: <\/strong>S\u00f3n aquelles que s\u2019envien a l\u2019equip terminal de l\u2019usuari des d\u2019un equip o domini que no \u00e9s gestionat per l\u2019editor, sin\u00f3 per una altra entitat que tracta les dades obtingudes a trav\u00e9s de les cookies.<\/li>\n<\/ul>\n\n\n\n<p>Segons el termini de temps que romanen activades:<\/p>\n\n\n\n<ul class=\"wp-block-list\">\n<li><strong>Cookies de sessi\u00f3:<\/strong> S\u00f3n un tipus de cookies dissenyades per recaptar i emmagatzemar dades mentre l\u2019usuari accedeix a una p\u00e0gina web. Se solen emprar per emmagatzemar informaci\u00f3 que nom\u00e9s interessa conservar per a la prestaci\u00f3 del servei sol\u00b7licitat per l\u2019usuari en una sola ocasi\u00f3.<\/li>\n\n\n\n<li><strong>Cookies persistents: <\/strong>S\u00f3n un tipus de cookies en qu\u00e8 les dades segueixen emmagatzemades al terminal i poden ser accedides i tractades durant un per\u00edode definit pel responsable de la cookie, i que pot anar d\u2019uns minuts a diversos anys.<\/li>\n<\/ul>\n\n\n\n<p>Segons la finalitat per a la qual es tractin les dades obtingudes a trav\u00e9s de les cookies, la web pot utilitzar:<\/p>\n\n\n\n<p><strong>Cookies t\u00e8cniques<\/strong> \u2013 S\u00f3n aquelles que permeten a l\u2019usuari la navegaci\u00f3 a trav\u00e9s de la p\u00e0gina web o aplicaci\u00f3 i la utilitzaci\u00f3 de les diferents opcions o serveis que hi ha. Per exemple, controlar el tr\u00e0nsit i la comunicaci\u00f3 de dades, identificar la sessi\u00f3, accedir a les parts web d\u2019acc\u00e9s restringit, recordar els elements que integren una comanda, sol\u00b7licitar d\u2019inscripci\u00f3 o participaci\u00f3 en un esdeveniment, utilitzar elements de seguretat durant la navegaci\u00f3 i emmagatzemar continguts per a la difusi\u00f3 de v\u00eddeos o so.<\/p>\n\n\n\n<p><strong>Cookies de personalitzaci\u00f3<\/strong> \u2013 S\u00f3n aquelles que permeten a l\u2019usuari accedir al servei amb algunes caracter\u00edstiques de car\u00e0cter general predefinides en el seu terminal o que el mateix usuari defineixi. Per exemple, l\u2019idioma, el tipus de navegador a trav\u00e9s del qual accedeix al servei, el disseny de continguts seleccionat, geolocalitzaci\u00f3 del terminal i la configuraci\u00f3 regional des d\u2019on s\u2019accedeix al servei.<\/p>\n\n\n\n<p><strong>Cookies publicit\u00e0ries <\/strong>\u2013 S\u00f3n aquelles que permeten la gesti\u00f3 efica\u00e7 dels espais publicitaris que s\u2019han incl\u00f2s a la p\u00e0gina web o aplicaci\u00f3 des de la qual es presta el servei. Permeten adequar el contingut de la publicitat perqu\u00e8 aquesta sigui rellevant per a l\u2019usuari i per evitar mostrar anuncis que l\u2019usuari ja hagi vist.<\/p>\n\n\n\n<p><strong>Cookies d&#8217;an\u00e0lisi estad\u00edstica<\/strong> \u2013 S\u00f3n aquelles que permeten fer el seguiment i an\u00e0lisi del comportament dels usuaris als llocs web. La informaci\u00f3 recollida mitjan\u00e7ant aquest tipus de cookies s\u2019utilitza en el mesurament de l\u2019activitat dels llocs web, aplicaci\u00f3 o plataforma i per a l\u2019elaboraci\u00f3 de perfils de navegaci\u00f3 dels usuaris d\u2019aquests llocs, per tal d\u2019introduir millores en el servei en funci\u00f3 de les dades d\u2019\u00fas que fan els usuaris.<\/p>\n\n\n\n<p>Aquest lloc web utilitza cookies. Utilitzem galetes per personalitzar el contingut i els anuncis, oferir funcions de mitjans socials i analitzar el tr\u00e0nsit del lloc. Podeu consultar la nostra <a href=\"\/politica-cookies\/\">pol\u00edtica de cookies<\/a>.<\/p>\n\n\n\n<p>Les cookies fetes servir al nostre lloc web s&#8217;agrupen en les seg\u00fcents categories. [cookie_category]<\/p>\n\n\n\n<p>La llista seg\u00fcent detalla les cookies usades al nostre lloc web. [cookie_audit_category columns=&#8221;cookie,description&#8221;]<\/p>\n\n\n\n<p><\/p>\n\n\n\n<h2 class=\"wp-block-heading\">Com administrar cookies al navegador?<\/h2>\n\n\n\n<p>L\u2019usuari t\u00e9 l\u2019opci\u00f3 de permetre, bloquejar o eliminar les cookies instal\u00b7lades en el seu equip mitjan\u00e7ant la configuraci\u00f3 de les opcions del navegador instal\u00b7lat en el seu terminal:<\/p>\n\n\n\n<p><strong>Firefox:<\/strong><\/p>\n\n\n\n<p><a href=\"http:\/\/support.mozilla.org\/es\/kb\/habilitar-y-deshabilitar-cookies-que-los-sitios-we\" rel=\"noopener\">http:\/\/support.mozilla.org\/es\/kb\/habilitar-y-deshabilitar-cookies-que-los-sitios-we<\/a><\/p>\n\n\n\n<p><strong>Chrome:<\/strong><\/p>\n\n\n\n<p><a href=\"http:\/\/support.google.com\/chrome\/bin\/answer.py?hl=es&amp;answer=95647\" rel=\"noopener\">http:\/\/support.google.com\/chrome\/bin\/answer.py?hl=es&amp;answer=95647<\/a><\/p>\n\n\n\n<p><strong>Internet Explorer:<\/strong><\/p>\n\n\n\n<p><a href=\"https:\/\/support.microsoft.com\/es-es\/help\/278835\/how-to-delete-cookie-files-in-internet-explorer\" target=\"_blank\" rel=\"noreferrer noopener\">https:\/\/support.microsoft.com\/es-es\/help\/278835\/how-to-delete-cookie-files-in-internet-explorer<\/a><\/p>\n\n\n\n<p><strong>Microsoft Edge:<\/strong><\/p>\n\n\n\n<p><a href=\"https:\/\/support.microsoft.com\/es-es\/help\/4468242\/microsoft-edge-browsing-data-and-privacy-microsoft-privacy\" target=\"_blank\" rel=\"noreferrer noopener\">https:\/\/support.microsoft.com\/es-es\/help\/4468242\/microsoft-edge-browsing-data-and-privacy-microsoft-privacy<\/a><\/p>\n\n\n\n<p><strong>Safari:<\/strong><\/p>\n\n\n\n<p><a href=\"http:\/\/support.apple.com\/kb\/ph5042\" target=\"_blank\" rel=\"noreferrer noopener\">http:\/\/support.apple.com\/kb\/ph5042<\/a><\/p>\n\n\n\n<p><strong>Opera:<\/strong><\/p>\n\n\n\n<p><a href=\"http:\/\/help.opera.com\/Windows\/11.50\/es-ES\/cookies.html\" rel=\"noopener\">http:\/\/help.opera.com\/Windows\/11.50\/es-ES\/cookies.html<\/a><\/p>\n\n\n\n<p>En alguns navegadors es poden configurar regles espec\u00edfiques per administrar cookies per lloc web, cosa que ofereix un control m\u00e9s prec\u00eds sobre la privacitat. Aix\u00f2 significa que es pot inhabilitar cookies de tots els llocs tret d\u2019aquells en qu\u00e8 es confi\u00ef.<\/p>\n\n\n\n<p>Per obtenir m\u00e9s informaci\u00f3 sobre com gestionar i eliminar les cookies, visiteu <a href=\"https:\/\/ca.wikipedia.org\/wiki\/Portada\" target=\"_blank\" rel=\"noreferrer noopener\">wikipedia.org<\/a>, <a href=\"https:\/\/allaboutcookies.org\/\" target=\"_blank\" rel=\"noreferrer noopener\">www.allaboutcookies.org<\/a>.<\/p>\n","protected":false},"excerpt":{"rendered":"<p>Aquest lloc web utilitza cookies pr\u00f2pies i de tercers per oferir-li una millor experi\u00e8ncia i servei. En navegar o utilitzar els nostres serveis l\u2019usuari accepta l\u2019\u00fas que fem de les cookies. No obstant aix\u00f2, l\u2019usuari t\u00e9 l\u2019opci\u00f3 d\u2019impedir la generaci\u00f3 de cookies i l\u2019eliminaci\u00f3 d&#8217;aquestes. El vostre consentiment s&#8217;aplica als dominis seg\u00fcents: janvi-logistics.com [user_consent_state] Qu\u00e8 [&hellip;]<\/p>\n","protected":false},"author":1,"featured_media":0,"parent":0,"menu_order":0,"comment_status":"closed","ping_status":"closed","template":"","meta":{"_acf_changed":false,"_et_pb_use_builder":"off","_et_pb_old_content":"<!-- wp:paragraph -->\n<p>Aquest lloc web utilitza cookies pr\u00f2pies i de tercers per oferir-li una millor experi\u00e8ncia i servei. En navegar o utilitzar els nostres serveis l\u2019usuari accepta l\u2019\u00fas que fem de les cookies. No obstant aix\u00f2, l\u2019usuari t\u00e9 l\u2019opci\u00f3 d\u2019impedir la generaci\u00f3 de cookies i l\u2019eliminaci\u00f3 d'aquestes.<\/p>\n<!-- \/wp:paragraph -->\n\n<!-- wp:paragraph -->\n<p>El vostre consentiment s'aplica als dominis seg\u00fcents: <a href=\"https:\/\/janvi-logistics.com\/\" data-type=\"link\" data-id=\"https:\/\/janvi-logistics.com\/\">janvi-logistics.com<\/a> [user_consent_state]<\/p>\n<!-- \/wp:paragraph -->\n\n<!-- wp:heading -->\n<h2 class=\"wp-block-heading\">Qu\u00e8 \u00e9s una cookie?<\/h2>\n<!-- \/wp:heading -->\n\n<!-- wp:paragraph -->\n<p>Una cookie \u00e9s un petit fragment de text que els llocs Web envien al navegador i que s\u2019emmagatzemen al terminal de l\u2019usuari, el qual pot ser un ordinador personal, un tel\u00e8fon m\u00f2bil, tauleta, etc. Aquests arxius permeten que el lloc Web recordi informaci\u00f3 sobre la seva visita, com l\u2019idioma i les opcions preferides, cosa que pot facilitar la seva pr\u00f2xima visita i fer que el lloc resulti m\u00e9s \u00fatil en personalitzar el seu contingut. Les cookies exerceixen un paper molt important, en millorar l\u2019experi\u00e8ncia d\u2019\u00fas de la Web.<\/p>\n<!-- \/wp:paragraph -->\n\n<!-- wp:heading -->\n<h2 class=\"wp-block-heading\">Tipus de cookies<\/h2>\n<!-- \/wp:heading -->\n\n<!-- wp:paragraph -->\n<p>Segons l\u2019entitat que les gestioni, les cookies poden ser:<\/p>\n<!-- \/wp:paragraph -->\n\n<!-- wp:list -->\n<ul class=\"wp-block-list\"><!-- wp:list-item -->\n<li><strong>Cookies pr\u00f2pies: <\/strong>S\u00f3n aquelles que s\u2019envien a l\u2019equip terminal de l\u2019interessat des d\u2019un equip o domini gestionat pel mateix editor i des del qual es presta el servei demanat per l\u2019usuari.<\/li>\n<!-- \/wp:list-item -->\n\n<!-- wp:list-item -->\n<li><strong>Cookies de tercers: <\/strong>S\u00f3n aquelles que s\u2019envien a l\u2019equip terminal de l\u2019usuari des d\u2019un equip o domini que no \u00e9s gestionat per l\u2019editor, sin\u00f3 per una altra entitat que tracta les dades obtingudes a trav\u00e9s de les cookies.<\/li>\n<!-- \/wp:list-item --><\/ul>\n<!-- \/wp:list -->\n\n<!-- wp:paragraph -->\n<p>Segons el termini de temps que romanen activades:<\/p>\n<!-- \/wp:paragraph -->\n\n<!-- wp:list -->\n<ul class=\"wp-block-list\"><!-- wp:list-item -->\n<li><strong>Cookies de sessi\u00f3:<\/strong> S\u00f3n un tipus de cookies dissenyades per recaptar i emmagatzemar dades mentre l\u2019usuari accedeix a una p\u00e0gina web. Se solen emprar per emmagatzemar informaci\u00f3 que nom\u00e9s interessa conservar per a la prestaci\u00f3 del servei sol\u00b7licitat per l\u2019usuari en una sola ocasi\u00f3.<\/li>\n<!-- \/wp:list-item -->\n\n<!-- wp:list-item -->\n<li><strong>Cookies persistents: <\/strong>S\u00f3n un tipus de cookies en qu\u00e8 les dades segueixen emmagatzemades al terminal i poden ser accedides i tractades durant un per\u00edode definit pel responsable de la cookie, i que pot anar d\u2019uns minuts a diversos anys.<\/li>\n<!-- \/wp:list-item --><\/ul>\n<!-- \/wp:list -->\n\n<!-- wp:paragraph -->\n<p>Segons la finalitat per a la qual es tractin les dades obtingudes a trav\u00e9s de les cookies, la web pot utilitzar:<\/p>\n<!-- \/wp:paragraph -->\n\n<!-- wp:paragraph -->\n<p><strong>Cookies t\u00e8cniques<\/strong> \u2013 S\u00f3n aquelles que permeten a l\u2019usuari la navegaci\u00f3 a trav\u00e9s de la p\u00e0gina web o aplicaci\u00f3 i la utilitzaci\u00f3 de les diferents opcions o serveis que hi ha. Per exemple, controlar el tr\u00e0nsit i la comunicaci\u00f3 de dades, identificar la sessi\u00f3, accedir a les parts web d\u2019acc\u00e9s restringit, recordar els elements que integren una comanda, sol\u00b7licitar d\u2019inscripci\u00f3 o participaci\u00f3 en un esdeveniment, utilitzar elements de seguretat durant la navegaci\u00f3 i emmagatzemar continguts per a la difusi\u00f3 de v\u00eddeos o so.<\/p>\n<!-- \/wp:paragraph -->\n\n<!-- wp:paragraph -->\n<p><strong>Cookies de personalitzaci\u00f3<\/strong> \u2013 S\u00f3n aquelles que permeten a l\u2019usuari accedir al servei amb algunes caracter\u00edstiques de car\u00e0cter general predefinides en el seu terminal o que el mateix usuari defineixi. Per exemple, l\u2019idioma, el tipus de navegador a trav\u00e9s del qual accedeix al servei, el disseny de continguts seleccionat, geolocalitzaci\u00f3 del terminal i la configuraci\u00f3 regional des d\u2019on s\u2019accedeix al servei.<\/p>\n<!-- \/wp:paragraph -->\n\n<!-- wp:paragraph -->\n<p><strong>Cookies publicit\u00e0ries <\/strong>\u2013 S\u00f3n aquelles que permeten la gesti\u00f3 efica\u00e7 dels espais publicitaris que s\u2019han incl\u00f2s a la p\u00e0gina web o aplicaci\u00f3 des de la qual es presta el servei. Permeten adequar el contingut de la publicitat perqu\u00e8 aquesta sigui rellevant per a l\u2019usuari i per evitar mostrar anuncis que l\u2019usuari ja hagi vist.<\/p>\n<!-- \/wp:paragraph -->\n\n<!-- wp:paragraph -->\n<p><strong>Cookies d'an\u00e0lisi estad\u00edstica<\/strong> \u2013 S\u00f3n aquelles que permeten fer el seguiment i an\u00e0lisi del comportament dels usuaris als llocs web. La informaci\u00f3 recollida mitjan\u00e7ant aquest tipus de cookies s\u2019utilitza en el mesurament de l\u2019activitat dels llocs web, aplicaci\u00f3 o plataforma i per a l\u2019elaboraci\u00f3 de perfils de navegaci\u00f3 dels usuaris d\u2019aquests llocs, per tal d\u2019introduir millores en el servei en funci\u00f3 de les dades d\u2019\u00fas que fan els usuaris.<\/p>\n<!-- \/wp:paragraph -->\n\n<!-- wp:paragraph -->\n<p>Aquest lloc web utilitza cookies. Utilitzem galetes per personalitzar el contingut i els anuncis, oferir funcions de mitjans socials i analitzar el tr\u00e0nsit del lloc. Podeu consultar la nostra <a href=\"\/politica-cookies\/\">pol\u00edtica de cookies<\/a>.<\/p>\n<!-- \/wp:paragraph -->\n\n<!-- wp:paragraph -->\n<p>Les cookies fetes servir al nostre lloc web s'agrupen en les seg\u00fcents categories. [cookie_category]<\/p>\n<!-- \/wp:paragraph -->\n\n<!-- wp:paragraph -->\n<p>La llista seg\u00fcent detalla les cookies usades al nostre lloc web. [cookie_audit_category columns=\"cookie,description\"]<\/p>\n<!-- \/wp:paragraph -->\n\n<!-- wp:paragraph -->\n<p><\/p>\n<!-- \/wp:paragraph -->\n\n<!-- wp:heading -->\n<h2 class=\"wp-block-heading\">Com administrar cookies al navegador?<\/h2>\n<!-- \/wp:heading -->\n\n<!-- wp:paragraph -->\n<p>L\u2019usuari t\u00e9 l\u2019opci\u00f3 de permetre, bloquejar o eliminar les cookies instal\u00b7lades en el seu equip mitjan\u00e7ant la configuraci\u00f3 de les opcions del navegador instal\u00b7lat en el seu terminal:<\/p>\n<!-- \/wp:paragraph -->\n\n<!-- wp:paragraph -->\n<p><strong>Firefox:<\/strong><\/p>\n<!-- \/wp:paragraph -->\n\n<!-- wp:paragraph -->\n<p><a href=\"http:\/\/support.mozilla.org\/es\/kb\/habilitar-y-deshabilitar-cookies-que-los-sitios-we\">http:\/\/support.mozilla.org\/es\/kb\/habilitar-y-deshabilitar-cookies-que-los-sitios-we<\/a><\/p>\n<!-- \/wp:paragraph -->\n\n<!-- wp:paragraph -->\n<p><strong>Chrome:<\/strong><\/p>\n<!-- \/wp:paragraph -->\n\n<!-- wp:paragraph -->\n<p><a href=\"http:\/\/support.google.com\/chrome\/bin\/answer.py?hl=es&amp;answer=95647\">http:\/\/support.google.com\/chrome\/bin\/answer.py?hl=es&amp;answer=95647<\/a><\/p>\n<!-- \/wp:paragraph -->\n\n<!-- wp:paragraph -->\n<p><strong>Internet Explorer:<\/strong><\/p>\n<!-- \/wp:paragraph -->\n\n<!-- wp:paragraph -->\n<p><a href=\"https:\/\/support.microsoft.com\/es-es\/help\/278835\/how-to-delete-cookie-files-in-internet-explorer\" target=\"_blank\" rel=\"noreferrer noopener\">https:\/\/support.microsoft.com\/es-es\/help\/278835\/how-to-delete-cookie-files-in-internet-explorer<\/a><\/p>\n<!-- \/wp:paragraph -->\n\n<!-- wp:paragraph -->\n<p><strong>Microsoft Edge:<\/strong><\/p>\n<!-- \/wp:paragraph -->\n\n<!-- wp:paragraph -->\n<p><a href=\"https:\/\/support.microsoft.com\/es-es\/help\/4468242\/microsoft-edge-browsing-data-and-privacy-microsoft-privacy\" target=\"_blank\" rel=\"noreferrer noopener\">https:\/\/support.microsoft.com\/es-es\/help\/4468242\/microsoft-edge-browsing-data-and-privacy-microsoft-privacy<\/a><\/p>\n<!-- \/wp:paragraph -->\n\n<!-- wp:paragraph -->\n<p><strong>Safari:<\/strong><\/p>\n<!-- \/wp:paragraph -->\n\n<!-- wp:paragraph -->\n<p><a href=\"http:\/\/support.apple.com\/kb\/ph5042\" target=\"_blank\" rel=\"noreferrer noopener\">http:\/\/support.apple.com\/kb\/ph5042<\/a><\/p>\n<!-- \/wp:paragraph -->\n\n<!-- wp:paragraph -->\n<p><strong>Opera:<\/strong><\/p>\n<!-- \/wp:paragraph -->\n\n<!-- wp:paragraph -->\n<p><a href=\"http:\/\/help.opera.com\/Windows\/11.50\/es-ES\/cookies.html\">http:\/\/help.opera.com\/Windows\/11.50\/es-ES\/cookies.html<\/a><\/p>\n<!-- \/wp:paragraph -->\n\n<!-- wp:paragraph -->\n<p>En alguns navegadors es poden configurar regles espec\u00edfiques per administrar cookies per lloc web, cosa que ofereix un control m\u00e9s prec\u00eds sobre la privacitat. Aix\u00f2 significa que es pot inhabilitar cookies de tots els llocs tret d\u2019aquells en qu\u00e8 es confi\u00ef.<\/p>\n<!-- \/wp:paragraph -->\n\n<!-- wp:paragraph -->\n<p>Per obtenir m\u00e9s informaci\u00f3 sobre com gestionar i eliminar les cookies, visiteu <a href=\"https:\/\/ca.wikipedia.org\/wiki\/Portada\" target=\"_blank\" rel=\"noreferrer noopener\">wikipedia.org<\/a>, <a href=\"https:\/\/allaboutcookies.org\/\" target=\"_blank\" rel=\"noreferrer noopener\">www.allaboutcookies.org<\/a>.<\/p>\n<!-- \/wp:paragraph -->","_et_gb_content_width":"","footnotes":""},"class_list":["post-177","page","type-page","status-publish","hentry"],"acf":[],"_links":{"self":[{"href":"https:\/\/janvi-logistics.com\/ca\/wp-json\/wp\/v2\/pages\/177","targetHints":{"allow":["GET"]}}],"collection":[{"href":"https:\/\/janvi-logistics.com\/ca\/wp-json\/wp\/v2\/pages"}],"about":[{"href":"https:\/\/janvi-logistics.com\/ca\/wp-json\/wp\/v2\/types\/page"}],"author":[{"embeddable":true,"href":"https:\/\/janvi-logistics.com\/ca\/wp-json\/wp\/v2\/users\/1"}],"replies":[{"embeddable":true,"href":"https:\/\/janvi-logistics.com\/ca\/wp-json\/wp\/v2\/comments?post=177"}],"version-history":[{"count":8,"href":"https:\/\/janvi-logistics.com\/ca\/wp-json\/wp\/v2\/pages\/177\/revisions"}],"predecessor-version":[{"id":2623,"href":"https:\/\/janvi-logistics.com\/ca\/wp-json\/wp\/v2\/pages\/177\/revisions\/2623"}],"wp:attachment":[{"href":"https:\/\/janvi-logistics.com\/ca\/wp-json\/wp\/v2\/media?parent=177"}],"curies":[{"name":"wp","href":"https:\/\/api.w.org\/{rel}","templated":true}]}}