{"id":26,"date":"2024-10-28T15:27:57","date_gmt":"2024-10-28T15:27:57","guid":{"rendered":"https:\/\/janvi-logistics.com\/?page_id=26"},"modified":"2025-01-09T10:42:48","modified_gmt":"2025-01-09T09:42:48","slug":"som-economia-collaborativa","status":"publish","type":"page","link":"https:\/\/janvi-logistics.com\/ca\/sobre-janvi\/som-economia-collaborativa","title":{"rendered":"Som economia col\u00b7laborativa"},"content":{"rendered":"<p>[et_pb_section fb_built=&#8221;1&#8243; fullwidth=&#8221;on&#8221; _builder_version=&#8221;4.27.2&#8243; _module_preset=&#8221;default&#8221; global_colors_info=&#8221;{}&#8221;][et_pb_fullwidth_header title=&#8221;Som economia col\u00b7laborativa&#8221; content_max_width=&#8221;850px&#8221; _builder_version=&#8221;4.27.2&#8243; _module_preset=&#8221;default&#8221; global_colors_info=&#8221;{}&#8221;][\/et_pb_fullwidth_header][\/et_pb_section][et_pb_section fb_built=&#8221;1&#8243; _builder_version=&#8221;4.27.2&#8243; _module_preset=&#8221;default&#8221; custom_padding=&#8221;59px|||||&#8221; global_colors_info=&#8221;{}&#8221;][et_pb_row column_structure=&#8221;1_2,1_2&#8243; _builder_version=&#8221;4.27.2&#8243; _module_preset=&#8221;default&#8221; custom_padding=&#8221;||||false|false&#8221; global_colors_info=&#8221;{}&#8221;][et_pb_column type=&#8221;1_2&#8243; _builder_version=&#8221;4.27.2&#8243; _module_preset=&#8221;default&#8221; global_colors_info=&#8221;{}&#8221;][et_pb_blurb title=&#8221;La relaci\u00f3 entre Janvi Logistics i l\u2019economia col\u00b7laborativa&#8221; use_icon=&#8221;on&#8221; font_icon=&#8221;&#x4e;||divi||400&#8243; _builder_version=&#8221;4.27.4&#8243; _module_preset=&#8221;3e9299ac-3ddb-4b19-8a54-263eb5b69dea&#8221; hover_enabled=&#8221;0&#8243; global_colors_info=&#8221;{}&#8221; sticky_enabled=&#8221;0&#8243;]<\/p>\n<p>Janvi Logistics adopta els principis de l&#8217;economia col\u00b7laborativa per permetre que qualsevol empresa amb espais log\u00edstics infrautilitzats pugui oferir serveis comparables als d&#8217;un operador log\u00edstic tradicional. Aquest model fomenta l&#8217;\u00fas compartit i la proximitat, rendibilitzant espais i optimitzant la cadena de subministrament.<\/p>\n<p>[\/et_pb_blurb][\/et_pb_column][et_pb_column type=&#8221;1_2&#8243; _builder_version=&#8221;4.27.2&#8243; _module_preset=&#8221;default&#8221; global_colors_info=&#8221;{}&#8221;][et_pb_blurb title=&#8221;L\u2019economia col\u00b7laborativa aplicada a la log\u00edstica&#8221; use_icon=&#8221;on&#8221; font_icon=&#8221;&#x4e;||divi||400&#8243; _builder_version=&#8221;4.27.2&#8243; _module_preset=&#8221;3e9299ac-3ddb-4b19-8a54-263eb5b69dea&#8221; global_colors_info=&#8221;{}&#8221;]<\/p>\n<p>Janvi Logistics facilita que les empreses maximitzin l&#8217;\u00fas dels seus espais d&#8217;emmagatzematge infrautilitzats, permetent compartir-los i reduir la necessitat d&#8217;inversi\u00f3 en infraestructura. Aix\u00ed, les empreses poden ajustar la mida i ubicaci\u00f3 dels magatzems segons la demanda, cosa que no \u00e9s possible en models log\u00edstics tradicionals.<\/p>\n<p>[\/et_pb_blurb][\/et_pb_column][\/et_pb_row][et_pb_row column_structure=&#8221;1_2,1_2&#8243; _builder_version=&#8221;4.27.2&#8243; _module_preset=&#8221;default&#8221; custom_padding=&#8221;0px||||false|false&#8221; global_colors_info=&#8221;{}&#8221;][et_pb_column type=&#8221;1_2&#8243; _builder_version=&#8221;4.27.2&#8243; _module_preset=&#8221;default&#8221; global_colors_info=&#8221;{}&#8221;][et_pb_blurb title=&#8221;Espais log\u00edstics flexibles &#8221; use_icon=&#8221;on&#8221; font_icon=&#8221;&#x4e;||divi||400&#8243; _builder_version=&#8221;4.27.2&#8243; _module_preset=&#8221;3e9299ac-3ddb-4b19-8a54-263eb5b69dea&#8221; global_colors_info=&#8221;{}&#8221;]<\/p>\n<p>Janvi fomenta un sistema d\u2019emmagatzematge modular, ajustat a les necessitats canviants, especialment \u00fatil en sectors din\u00e0mics com el comer\u00e7 electr\u00f2nic. Les empreses lloguen nom\u00e9s l\u2019espai que necessiten, evitant compromisos a llarg termini i optimitzant la gesti\u00f3 d\u2019inventaris.<\/p>\n<p>[\/et_pb_blurb][\/et_pb_column][et_pb_column type=&#8221;1_2&#8243; _builder_version=&#8221;4.27.2&#8243; _module_preset=&#8221;default&#8221; global_colors_info=&#8221;{}&#8221;][et_pb_blurb title=&#8221;Proximitat al client per millorar lliuraments i reduir costos&#8221; use_icon=&#8221;on&#8221; font_icon=&#8221;&#x4e;||divi||400&#8243; _builder_version=&#8221;4.27.2&#8243; _module_preset=&#8221;3e9299ac-3ddb-4b19-8a54-263eb5b69dea&#8221; global_colors_info=&#8221;{}&#8221;]<\/p>\n<p>Janvi Logistics permet a les empreses localitzar els seus magatzems a prop de la demanda, reduint tant el temps de lliurament com els costos de transport. Aquesta proximitat contribueix a una cadena de subministrament m\u00e9s \u00e0gil i redueix l&#8217;impacte ambiental.<\/p>\n<p>[\/et_pb_blurb][\/et_pb_column][\/et_pb_row][et_pb_row column_structure=&#8221;1_2,1_2&#8243; _builder_version=&#8221;4.27.2&#8243; _module_preset=&#8221;default&#8221; custom_padding=&#8221;0px||||false|false&#8221; global_colors_info=&#8221;{}&#8221;][et_pb_column type=&#8221;1_2&#8243; _builder_version=&#8221;4.27.2&#8243; _module_preset=&#8221;default&#8221; global_colors_info=&#8221;{}&#8221;][et_pb_blurb title=&#8221;Generaci\u00f3 d\u2019oportunitats&#8221; use_icon=&#8221;on&#8221; font_icon=&#8221;&#x4e;||divi||400&#8243; _builder_version=&#8221;4.27.2&#8243; _module_preset=&#8221;3e9299ac-3ddb-4b19-8a54-263eb5b69dea&#8221; global_colors_info=&#8221;{}&#8221;]<\/p>\n<p>L\u2019enfocament col\u00b7laboratiu de Janvi no nom\u00e9s optimitza els recursos, sin\u00f3 que tamb\u00e9 crea noves oportunitats de negoci. Permet a petites i mitjanes empreses accedir a serveis log\u00edstics avan\u00e7ats, fomentant sinergies i col\u00b7laboracions que impulsen el creixement.<\/p>\n<p>[\/et_pb_blurb][\/et_pb_column][et_pb_column type=&#8221;1_2&#8243; _builder_version=&#8221;4.27.2&#8243; _module_preset=&#8221;default&#8221; global_colors_info=&#8221;{}&#8221;][et_pb_blurb title=&#8221; Reducci\u00f3 de barreres i acc\u00e9s al mercat log\u00edstic&#8221; use_icon=&#8221;on&#8221; font_icon=&#8221;&#x4e;||divi||400&#8243; _builder_version=&#8221;4.27.2&#8243; _module_preset=&#8221;3e9299ac-3ddb-4b19-8a54-263eb5b69dea&#8221; global_colors_info=&#8221;{}&#8221;]<\/p>\n<p>Janvi redueix les barreres d\u2019entrada al sector log\u00edstic, permetent que empreses m\u00e9s petites accedeixin a espais i serveis log\u00edstics sense grans inversions. Aix\u00f2 no nom\u00e9s optimitza l&#8217;operaci\u00f3 log\u00edstica, sin\u00f3 que fomenta un creixement empresarial equitatiu.<\/p>\n<p>[\/et_pb_blurb][\/et_pb_column][\/et_pb_row][et_pb_row column_structure=&#8221;1_2,1_2&#8243; _builder_version=&#8221;4.27.2&#8243; _module_preset=&#8221;default&#8221; custom_padding=&#8221;0px||||false|false&#8221; global_colors_info=&#8221;{}&#8221;][et_pb_column type=&#8221;1_2&#8243; _builder_version=&#8221;4.27.2&#8243; _module_preset=&#8221;default&#8221; global_colors_info=&#8221;{}&#8221;][et_pb_blurb title=&#8221;Sostenibilitat i optimitzaci\u00f3 de recursos&#8221; use_icon=&#8221;on&#8221; font_icon=&#8221;&#x4e;||divi||400&#8243; _builder_version=&#8221;4.27.2&#8243; _module_preset=&#8221;3e9299ac-3ddb-4b19-8a54-263eb5b69dea&#8221; global_colors_info=&#8221;{}&#8221;]<\/p>\n<p>Janvi Logistics fomenta la sostenibilitat reduint la construcci\u00f3 de nous magatzems i disminuint la petjada de carboni amb la proximitat entre els punts d&#8217;emmagatzematge i els clients finals. Aix\u00ed, contribu\u00efm a un model log\u00edstic m\u00e9s responsable.<\/p>\n<p>[\/et_pb_blurb][\/et_pb_column][et_pb_column type=&#8221;1_2&#8243; _builder_version=&#8221;4.27.2&#8243; _module_preset=&#8221;default&#8221; global_colors_info=&#8221;{}&#8221;][et_pb_blurb title=&#8221;Flexibilitat i adaptabilitat&#8221; use_icon=&#8221;on&#8221; font_icon=&#8221;&#x4e;||divi||400&#8243; _builder_version=&#8221;4.27.4&#8243; _module_preset=&#8221;3e9299ac-3ddb-4b19-8a54-263eb5b69dea&#8221; hover_enabled=&#8221;0&#8243; global_colors_info=&#8221;{}&#8221; sticky_enabled=&#8221;0&#8243;]<\/p>\n<p>La flexibilitat \u00e9s clau en l\u2019economia col\u00b7laborativa, especialment en log\u00edstica. Janvi permet que les empreses ajustin les necessitats d\u2019espai en funci\u00f3 de la demanda del mercat, proporcionant un model flexible per a prove\u00efdors i usuaris.<\/p>\n<p>[\/et_pb_blurb][\/et_pb_column][\/et_pb_row][et_pb_row column_structure=&#8221;1_2,1_2&#8243; _builder_version=&#8221;4.27.2&#8243; _module_preset=&#8221;default&#8221; custom_padding=&#8221;0px||||false|false&#8221; global_colors_info=&#8221;{}&#8221;][et_pb_column type=&#8221;1_2&#8243; _builder_version=&#8221;4.27.2&#8243; _module_preset=&#8221;default&#8221; global_colors_info=&#8221;{}&#8221;][et_pb_blurb title=&#8221;Tecnologia i digitalitzaci\u00f3 per a una log\u00edstica eficient&#8221; use_icon=&#8221;on&#8221; font_icon=&#8221;&#x4e;||divi||400&#8243; _builder_version=&#8221;4.27.2&#8243; _module_preset=&#8221;3e9299ac-3ddb-4b19-8a54-263eb5b69dea&#8221; global_colors_info=&#8221;{}&#8221;]<\/p>\n<p>Janvi Logistics utilitza la tecnologia per optimitzar la gesti\u00f3 dels espais log\u00edstics. Les nostres plataformes digitals proporcionen visibilitat en temps real dels inventaris i milloren la col\u00b7laboraci\u00f3 i efici\u00e8ncia entre empreses.<\/p>\n<p>[\/et_pb_blurb][\/et_pb_column][et_pb_column type=&#8221;1_2&#8243; _builder_version=&#8221;4.27.2&#8243; _module_preset=&#8221;default&#8221; global_colors_info=&#8221;{}&#8221;][et_pb_blurb title=&#8221;Creaci\u00f3 de comunitats empresarials&#8221; use_icon=&#8221;on&#8221; font_icon=&#8221;&#x4e;||divi||400&#8243; _builder_version=&#8221;4.27.2&#8243; _module_preset=&#8221;3e9299ac-3ddb-4b19-8a54-263eb5b69dea&#8221; global_colors_info=&#8221;{}&#8221;]<\/p>\n<p>L\u2019economia col\u00b7laborativa facilita la creaci\u00f3 de comunitats empresarials. A trav\u00e9s de Janvi, les empreses col\u00b7laboren, comparteixen coneixements i generen aliances estrat\u00e8giques que milloren el rendiment i l\u2019expansi\u00f3 comercial.<\/p>\n<p>[\/et_pb_blurb][\/et_pb_column][\/et_pb_row][et_pb_row column_structure=&#8221;2_3,1_3&#8243; _builder_version=&#8221;4.27.2&#8243; _module_preset=&#8221;default&#8221; global_colors_info=&#8221;{}&#8221;][et_pb_column type=&#8221;2_3&#8243; _builder_version=&#8221;4.27.2&#8243; _module_preset=&#8221;default&#8221; global_colors_info=&#8221;{}&#8221;][et_pb_cta title=&#8221;Janvi impulsa l\u2019economia col\u00b7laborativa i la sostenibilitat log\u00edstica&#8221; button_url=&#8221;\/serveis\/&#8221; button_text=&#8221;Descobreix el nostres serveis&#8221; _builder_version=&#8221;4.27.2&#8243; _module_preset=&#8221;a8ecffe4-09dd-423c-8783-4df3c5e75b09&#8243; background_color=&#8221;#0F1859&#8243; text_orientation=&#8221;left&#8221; background_layout=&#8221;dark&#8221; global_colors_info=&#8221;{}&#8221;]<\/p>\n<p>Janvi Logistics se centra en els principis de l\u2019economia col\u00b7laborativa, oferint una plataforma d\u2019\u00fas compartit i optimitzaci\u00f3 d\u2019espais log\u00edstics. Aquesta flexibilitat i proximitat milloren la cadena de subministrament i ofereixen noves oportunitats de negoci en un model sostenible i eficient.<\/p>\n<p>[\/et_pb_cta][\/et_pb_column][et_pb_column type=&#8221;1_3&#8243; _builder_version=&#8221;4.27.2&#8243; _module_preset=&#8221;default&#8221; global_colors_info=&#8221;{}&#8221;][\/et_pb_column][\/et_pb_row][\/et_pb_section]<\/p>\n","protected":false},"excerpt":{"rendered":"<p>Janvi Logistics adopta els principis de l&#8217;economia col\u00b7laborativa per permetre que qualsevol empresa amb espais log\u00edstics infrautilitzats pugui oferir serveis comparables als d&#8217;un operador log\u00edstic tradicional. Aquest model fomenta l&#8217;\u00fas compartit i la proximitat, rendibilitzant espais i optimitzant la cadena de subministrament.Janvi Logistics facilita que les empreses maximitzin l&#8217;\u00fas dels seus espais d&#8217;emmagatzematge infrautilitzats, permetent [&hellip;]<\/p>\n","protected":false},"author":1,"featured_media":0,"parent":1136,"menu_order":0,"comment_status":"closed","ping_status":"closed","template":"","meta":{"_acf_changed":false,"_et_pb_use_builder":"on","_et_pb_old_content":"","_et_gb_content_width":"","footnotes":""},"class_list":["post-26","page","type-page","status-publish","hentry"],"acf":[],"_links":{"self":[{"href":"https:\/\/janvi-logistics.com\/ca\/wp-json\/wp\/v2\/pages\/26","targetHints":{"allow":["GET"]}}],"collection":[{"href":"https:\/\/janvi-logistics.com\/ca\/wp-json\/wp\/v2\/pages"}],"about":[{"href":"https:\/\/janvi-logistics.com\/ca\/wp-json\/wp\/v2\/types\/page"}],"author":[{"embeddable":true,"href":"https:\/\/janvi-logistics.com\/ca\/wp-json\/wp\/v2\/users\/1"}],"replies":[{"embeddable":true,"href":"https:\/\/janvi-logistics.com\/ca\/wp-json\/wp\/v2\/comments?post=26"}],"version-history":[{"count":10,"href":"https:\/\/janvi-logistics.com\/ca\/wp-json\/wp\/v2\/pages\/26\/revisions"}],"predecessor-version":[{"id":1930,"href":"https:\/\/janvi-logistics.com\/ca\/wp-json\/wp\/v2\/pages\/26\/revisions\/1930"}],"up":[{"embeddable":true,"href":"https:\/\/janvi-logistics.com\/ca\/wp-json\/wp\/v2\/pages\/1136"}],"wp:attachment":[{"href":"https:\/\/janvi-logistics.com\/ca\/wp-json\/wp\/v2\/media?parent=26"}],"curies":[{"name":"wp","href":"https:\/\/api.w.org\/{rel}","templated":true}]}}